{"id":459,"date":"2022-01-03T15:16:07","date_gmt":"2022-01-03T15:16:07","guid":{"rendered":"https:\/\/schutzschild.org\/?page_id=459"},"modified":"2025-08-29T11:03:19","modified_gmt":"2025-08-29T11:03:19","slug":"ueber-mich","status":"publish","type":"page","link":"http:\/\/seemannsgarn.org\/?page_id=459","title":{"rendered":"\u00dcber Mich"},"content":{"rendered":"\n<figure class=\"wp-block-image aligncenter size-large\"><a href=\"http:\/\/seemannsgarn.org\"><img loading=\"lazy\" decoding=\"async\" width=\"1024\" height=\"284\" src=\"http:\/\/seemannsgarn.org\/wp-content\/uploads\/2025\/06\/cropped-Bildschirmfoto-2025-06-10-um-20.42.11-1024x284.png\" alt=\"\" class=\"wp-image-873\" srcset=\"http:\/\/seemannsgarn.org\/wp-content\/uploads\/2025\/06\/cropped-Bildschirmfoto-2025-06-10-um-20.42.11-1024x284.png 1024w, http:\/\/seemannsgarn.org\/wp-content\/uploads\/2025\/06\/cropped-Bildschirmfoto-2025-06-10-um-20.42.11-300x83.png 300w, http:\/\/seemannsgarn.org\/wp-content\/uploads\/2025\/06\/cropped-Bildschirmfoto-2025-06-10-um-20.42.11-768x213.png 768w, http:\/\/seemannsgarn.org\/wp-content\/uploads\/2025\/06\/cropped-Bildschirmfoto-2025-06-10-um-20.42.11.png 1086w\" sizes=\"auto, (max-width: 1024px) 100vw, 1024px\" \/><\/a><\/figure>\n\n\n\n<hr class=\"wp-block-separator has-alpha-channel-opacity is-style-wide\"\/>\n\n\n<nav class=\"is-responsive items-justified-center wp-block-navigation is-content-justification-center is-layout-flex wp-container-core-navigation-is-layout-a89b3969 wp-block-navigation-is-layout-flex\" aria-label=\"Footer-Men\u00fc 2\" \n\t\t data-wp-interactive=\"core\/navigation\" data-wp-context='{\"overlayOpenedBy\":{\"click\":false,\"hover\":false,\"focus\":false},\"type\":\"overlay\",\"roleAttribute\":\"\",\"ariaLabel\":\"Men\\u00fc\"}'><button aria-haspopup=\"dialog\" aria-label=\"Men\u00fc \u00f6ffnen\" class=\"wp-block-navigation__responsive-container-open\" \n\t\t\t\tdata-wp-on-async--click=\"actions.openMenuOnClick\"\n\t\t\t\tdata-wp-on--keydown=\"actions.handleMenuKeydown\"\n\t\t\t><svg width=\"24\" height=\"24\" xmlns=\"http:\/\/www.w3.org\/2000\/svg\" viewBox=\"0 0 24 24\" aria-hidden=\"true\" focusable=\"false\"><rect x=\"4\" y=\"7.5\" width=\"16\" height=\"1.5\" \/><rect x=\"4\" y=\"15\" width=\"16\" height=\"1.5\" \/><\/svg><\/button>\n\t\t\t\t<div class=\"wp-block-navigation__responsive-container\"  id=\"modal-1\" \n\t\t\t\tdata-wp-class--has-modal-open=\"state.isMenuOpen\"\n\t\t\t\tdata-wp-class--is-menu-open=\"state.isMenuOpen\"\n\t\t\t\tdata-wp-watch=\"callbacks.initMenu\"\n\t\t\t\tdata-wp-on--keydown=\"actions.handleMenuKeydown\"\n\t\t\t\tdata-wp-on-async--focusout=\"actions.handleMenuFocusout\"\n\t\t\t\ttabindex=\"-1\"\n\t\t\t>\n\t\t\t\t\t<div class=\"wp-block-navigation__responsive-close\" tabindex=\"-1\">\n\t\t\t\t\t\t<div class=\"wp-block-navigation__responsive-dialog\" \n\t\t\t\tdata-wp-bind--aria-modal=\"state.ariaModal\"\n\t\t\t\tdata-wp-bind--aria-label=\"state.ariaLabel\"\n\t\t\t\tdata-wp-bind--role=\"state.roleAttribute\"\n\t\t\t>\n\t\t\t\t\t\t\t<button aria-label=\"Men\u00fc schlie\u00dfen\" class=\"wp-block-navigation__responsive-container-close\" \n\t\t\t\tdata-wp-on-async--click=\"actions.closeMenuOnClick\"\n\t\t\t><svg xmlns=\"http:\/\/www.w3.org\/2000\/svg\" viewBox=\"0 0 24 24\" width=\"24\" height=\"24\" aria-hidden=\"true\" focusable=\"false\"><path d=\"m13.06 12 6.47-6.47-1.06-1.06L12 10.94 5.53 4.47 4.47 5.53 10.94 12l-6.47 6.47 1.06 1.06L12 13.06l6.47 6.47 1.06-1.06L13.06 12Z\"><\/path><\/svg><\/button>\n\t\t\t\t\t\t\t<div class=\"wp-block-navigation__responsive-container-content\" \n\t\t\t\tdata-wp-watch=\"callbacks.focusFirstElement\"\n\t\t\t id=\"modal-1-content\">\n\t\t\t\t\t\t\t\t<ul class=\"wp-block-navigation__container is-responsive items-justified-center wp-block-navigation\"><li class=\" wp-block-navigation-item wp-block-navigation-link\"><a class=\"wp-block-navigation-item__content\"  href=\"http:\/\/seemannsgarn.org\/?page_id=459\"><span class=\"wp-block-navigation-item__label\">\u00dcBER MICH<\/span><\/a><\/li><li class=\" wp-block-navigation-item wp-block-navigation-link\"><a class=\"wp-block-navigation-item__content\"  href=\"http:\/\/seemannsgarn.org\/?page_id=817\"><span class=\"wp-block-navigation-item__label\">DATENSCHUTZERKL\u00c4RUNG<\/span><\/a><\/li><li class=\" wp-block-navigation-item wp-block-navigation-link\"><a class=\"wp-block-navigation-item__content\"  href=\"http:\/\/seemannsgarn.org\/?page_id=813\"><span class=\"wp-block-navigation-item__label\">IMPRESSUM<\/span><\/a><\/li><\/ul>\n\t\t\t\t\t\t\t<\/div>\n\t\t\t\t\t\t<\/div>\n\t\t\t\t\t<\/div>\n\t\t\t\t<\/div><\/nav>\n\n\n<hr class=\"wp-block-separator has-alpha-channel-opacity is-style-wide\"\/>\n\n\n\n<p><\/p>\n\n\n\n<p>Seit 1996 unterst\u00fctze ich Unternehmen und Organisationen bei der Absicherung digitaler Infrastrukturen und Anwendungen. Meine Schwerpunkte liegen im Bereich Penetrationstests (Web, Mobile und IoT Security) sowie der digitalen Forensik, um Sicherheitsvorf\u00e4lle professionell aufzukl\u00e4ren und pr\u00e4ventive Schutzma\u00dfnahmen effektiv umzusetzen.<\/p>\n\n\n\n<p>Als zertifizierter Lead Auditor begleite ich Unternehmen beim Schutz kritischer Infrastrukturen (KRITIS) sowie bei der Einf\u00fchrung und Zertifizierung von Managementsystemen nach ISO 27001 (Informationssicherheit), ISO 9001 (Qualit\u00e4tsmanagement) und ISO 22301 (Business Continuity).<\/p>\n\n\n\n<p class=\"has-text-align-left\">Neben meiner praktischen T\u00e4tigkeit engagiere ich mich als Dozent f\u00fcr verschiedene Bildungseinrichtungen. Meine Schwerpunkte sind dabei Ethical Hacking, IT-Forensik und Security Awareness.<\/p>\n\n\n\n<figure class=\"wp-block-image size-large\"><img loading=\"lazy\" decoding=\"async\" width=\"768\" height=\"1024\" src=\"http:\/\/schutzschild.org\/wp-content\/uploads\/2022\/01\/CQIdMRMUsAAQKCM-768x1024.jpeg\" alt=\"\" class=\"wp-image-461\" srcset=\"http:\/\/seemannsgarn.org\/wp-content\/uploads\/2022\/01\/CQIdMRMUsAAQKCM-768x1024.jpeg 768w, http:\/\/seemannsgarn.org\/wp-content\/uploads\/2022\/01\/CQIdMRMUsAAQKCM-225x300.jpeg 225w, http:\/\/seemannsgarn.org\/wp-content\/uploads\/2022\/01\/CQIdMRMUsAAQKCM-600x800.jpeg 600w, http:\/\/seemannsgarn.org\/wp-content\/uploads\/2022\/01\/CQIdMRMUsAAQKCM.jpeg 900w\" sizes=\"auto, (max-width: 768px) 100vw, 768px\" \/><\/figure>\n","protected":false},"excerpt":{"rendered":"<p>Seit 1996 unterst\u00fctze ich Unternehmen und Organisationen bei der Absicherung digitaler Infrastrukturen und Anwendungen. Meine Schwerpunkte liegen im Bereich Penetrationstests (Web, Mobile und IoT Security) sowie der digitalen Forensik, um Sicherheitsvorf\u00e4lle professionell aufzukl\u00e4ren und pr\u00e4ventive Schutzma\u00dfnahmen effektiv umzusetzen. Als zertifizierter Lead Auditor begleite ich Unternehmen beim Schutz kritischer Infrastrukturen (KRITIS) sowie bei der Einf\u00fchrung und [&hellip;]<\/p>\n","protected":false},"author":1,"featured_media":0,"parent":0,"menu_order":0,"comment_status":"closed","ping_status":"closed","template":"","meta":{"footnotes":""},"class_list":["post-459","page","type-page","status-publish","hentry"],"_links":{"self":[{"href":"http:\/\/seemannsgarn.org\/index.php?rest_route=\/wp\/v2\/pages\/459","targetHints":{"allow":["GET"]}}],"collection":[{"href":"http:\/\/seemannsgarn.org\/index.php?rest_route=\/wp\/v2\/pages"}],"about":[{"href":"http:\/\/seemannsgarn.org\/index.php?rest_route=\/wp\/v2\/types\/page"}],"author":[{"embeddable":true,"href":"http:\/\/seemannsgarn.org\/index.php?rest_route=\/wp\/v2\/users\/1"}],"replies":[{"embeddable":true,"href":"http:\/\/seemannsgarn.org\/index.php?rest_route=%2Fwp%2Fv2%2Fcomments&post=459"}],"version-history":[{"count":7,"href":"http:\/\/seemannsgarn.org\/index.php?rest_route=\/wp\/v2\/pages\/459\/revisions"}],"predecessor-version":[{"id":907,"href":"http:\/\/seemannsgarn.org\/index.php?rest_route=\/wp\/v2\/pages\/459\/revisions\/907"}],"wp:attachment":[{"href":"http:\/\/seemannsgarn.org\/index.php?rest_route=%2Fwp%2Fv2%2Fmedia&parent=459"}],"curies":[{"name":"wp","href":"https:\/\/api.w.org\/{rel}","templated":true}]}}